{"id":178,"date":"2018-08-31T12:26:16","date_gmt":"2018-08-31T10:26:16","guid":{"rendered":"http:\/\/sacio.pl\/?page_id=178"},"modified":"2020-03-25T23:56:29","modified_gmt":"2020-03-25T22:56:29","slug":"contact","status":"publish","type":"page","link":"https:\/\/sacio.pl\/?page_id=178","title":{"rendered":"Kontakt"},"content":{"rendered":"<p style=\"text-align: center;\"><strong>Sacio.pl in\u017c. Adrian Pietrasik<\/strong><br \/>ul. Podchor\u0105\u017cych 13\/174<br \/>43-300 Bielsko Bia\u0142a<br \/><b>tel:<\/b> +48 667 796 456<br \/><b>e-mail:<\/b> biuro@sacio.pl<br \/><b>strona:<\/b> http:\/\/www.sacio.pl<\/p>\n<p style=\"text-align: center;\">Ze wzgl\u0119du na napi\u0119ty harmonogram prac, prosz\u0119 o wcze\u015bniejsze um\u00f3wienie wizyty.<\/p>\n<p>\u00a0<\/p>\n<p style=\"text-align: center;\"><strong>PARTNERZY:<\/strong><\/p>\n<p style=\"text-align: center;\"><strong><a href=\"http:\/\/skynetsystems.pl\/\">SKYNET SYSTEMS<\/a><\/strong><\/p>\n<p style=\"text-align: center;\"><strong><a href=\"http:\/\/elantech.pl\/\">ELANTECH<\/a><\/strong><\/p>\n<p style=\"text-align: center;\"><strong><a href=\"http:\/\/bbserwis.com.pl\/\">BielBIT Serwis Arkadiusz Franczak<\/a><\/strong><\/p>\n\n\n<center><iframe loading=\"lazy\" src=\"https:\/\/www.google.com\/maps\/embed?pb=!1m18!1m12!1m3!1d659099.7689164735!2d18.44839596160418!3d49.81222804324133!2m3!1f0!2f0!3f0!3m2!1i1024!2i768!4f13.1!3m3!1m2!1s0x4716a1334235a97d%3A0x67a8be74566455e5!2ssacio.pl!5e0!3m2!1spl!2spl!4v1545000840533\" width=\"600\" height=\"450\" frameborder=\"0\" style=\"border:0\" allowfullscreen=\"\"><\/iframe><\/center>\n","protected":false},"excerpt":{"rendered":"<p>Sacio.pl in\u017c. Adrian Pietrasikul. Podchor\u0105\u017cych 13\/17443-300 Bielsko Bia\u0142atel: +48 667 796 456e-mail: biuro@sacio.plstrona: http:\/\/www.sacio.pl Ze wzgl\u0119du na napi\u0119ty harmonogram prac, prosz\u0119 o wcze\u015bniejsze um\u00f3wienie wizyty. \u00a0 PARTNERZY: SKYNET SYSTEMS ELANTECH BielBIT Serwis Arkadiusz Franczak<\/p>\n","protected":false},"author":1,"featured_media":0,"parent":0,"menu_order":0,"comment_status":"closed","ping_status":"closed","template":"template\/template-about.php","meta":{"footnotes":""},"class_list":["post-178","page","type-page","status-publish","hentry"],"_links":{"self":[{"href":"https:\/\/sacio.pl\/index.php?rest_route=\/wp\/v2\/pages\/178","targetHints":{"allow":["GET"]}}],"collection":[{"href":"https:\/\/sacio.pl\/index.php?rest_route=\/wp\/v2\/pages"}],"about":[{"href":"https:\/\/sacio.pl\/index.php?rest_route=\/wp\/v2\/types\/page"}],"author":[{"embeddable":true,"href":"https:\/\/sacio.pl\/index.php?rest_route=\/wp\/v2\/users\/1"}],"replies":[{"embeddable":true,"href":"https:\/\/sacio.pl\/index.php?rest_route=%2Fwp%2Fv2%2Fcomments&post=178"}],"version-history":[{"count":15,"href":"https:\/\/sacio.pl\/index.php?rest_route=\/wp\/v2\/pages\/178\/revisions"}],"predecessor-version":[{"id":462,"href":"https:\/\/sacio.pl\/index.php?rest_route=\/wp\/v2\/pages\/178\/revisions\/462"}],"wp:attachment":[{"href":"https:\/\/sacio.pl\/index.php?rest_route=%2Fwp%2Fv2%2Fmedia&parent=178"}],"curies":[{"name":"wp","href":"https:\/\/api.w.org\/{rel}","templated":true}]}}