{"id":580,"date":"2025-10-27T11:32:20","date_gmt":"2025-10-27T10:32:20","guid":{"rendered":"https:\/\/sacio.pl\/?page_id=580"},"modified":"2025-10-27T14:51:43","modified_gmt":"2025-10-27T13:51:43","slug":"mesmerize","status":"publish","type":"page","link":"https:\/\/sacio.pl\/","title":{"rendered":"Front Page"},"content":{"rendered":"<div  id=\"rozwizania\" style=\"background-color: #ffffff;\" data-label=\"Rozwizania\" data-id=\"features-ov-4-mc\" data-export-id=\"features-ov-4-mc\" data-category=\"features\" class=\"features-ov-4-mc content-section content-section-spacing\"><div  class=\"gridContainer\"> <div  data-type=\"row\" class=\"row spaced-cols text-center\"><div  class=\"col-xs-12 col-sm-4 col-padding\"> <i  class=\"fa icon shadow-large-black aligncenter color1 fa-desktop reverse round large\"><\/i> <div  data-type=\"column\" class=\"\"> <h5  class=\"font-400\">Informatyka<\/h5> <p  class=\"\">\u015awiadczymy us\u0142ugi informatyczne o szerokim zakresie. Tworzymy systemy pomiarowe, monitoruj\u0105ce i wspomagaj\u0105ce zarz\u0105dzanie liniami produkcyjnymi. Projektujemy zaawansowane systemy informatyczne, zajmujemy si\u0119 dostaw\u0105 sprz\u0119tu komputerowego, oraz instalacj\u0105, optymalizacja i serwisem wszystkich rozwi\u0105za\u0144 informatycznych.<\/p><\/div> <\/div> <div  class=\"col-xs-12 col-sm-4 col-padding\"> <i  class=\"fa icon fa-cogs large shadow-large-black round aligncenter reverse color2\"><\/i> <div  data-type=\"column\" class=\"\"><h5  class=\"font-400\">Instalacje<\/h5> <p  class=\"\">Jeste\u015bmy certyfikowanymi instalatorami okablowania strukturalnego Assmann Digitus, MOLEX i AMP.<br >Ponadto wykonujemy:<br >\u2013 po\u0142\u0105czenia \u015bwiat\u0142owodowe,<br >\u2013 instalacje teleinformatyczne,<br >\u2013 pod\u0142\u0105czenia urz\u0105dze\u0144 pomiarowych,<br >\u2013 instalacje elektryczne,<br >\u2013 pomiary i dokumentacje powykonawcze,<\/p><\/div> <\/div> <div  class=\"col-xs-12 col-sm-4 col-padding\"> <i  class=\"fa icon shadow-large-black aligncenter color4 fa-tablet reverse round large\"><\/i> <div  data-type=\"column\" class=\"\"><h5  class=\"font-400\">Monitoring i zabezpieczenia<\/h5> <p  class=\"\">W naszej ofercie znajduj\u0105 si\u0119:<br >\u2013 systemy alarmowe,<br >\u2013 systemy przeciwpo\u017carowe PPO\u017b,<br >\u2013 kontrole dost\u0119pu,<br >\u2013 rejestracje czasu pracy RCP,<br >\u2013 nag\u0142o\u015bnienia przemys\u0142owe,<br >\u2013 monitoring audio \u2013 wizualny,<br >\u2013 monitorowanie zu\u017cycia medi\u00f3w,<br >\u2013 systemy inteligentne.<\/p><\/div> <\/div><\/div> <\/div><\/div><div  id=\"wykonania\" style=\"background-color: #f5fafd;\" data-label=\"Wykonania\" data-id=\"about-images-right-section-mc\" data-export-id=\"about-images-right-section-mc\" data-bullets-visibility=\"true\" data-category=\"about\" class=\"about-images-right-section-mc content-section content-section-spacing\"><div  class=\"gridContainer\"> <div  class=\"row middle-sm text-center\"><div  class=\"col-sm-5 content-left-sm\" data-type=\"column\"> <h5  class=\"\">Czym si\u0119 zajmujemy?<\/h5> <h2  class=\"\">Je\u015bli chodzi o kabelki, to wiemy o nich wszystko\u2026.<\/h2> <p  class=\"\">W ofercie wykonanie i zestawienie transmisji \u015bwiat\u0142owodowych.&nbsp;Oferujemy ca\u0142o\u015bciowe wykonanie instalacji teleinformatycznych.&nbsp;Wymiana, rozbudowa oraz pomiary instalacji elektrycznych<\/p> <a  class=\"button color1\" href=\"#\" target=\"_self\" data-cp-link=\"1\">Zadzwo\u0144 ju\u017c dzi\u015b<\/a><\/div> <div  class=\"col-sm-7 space-bottom-xs\"><div  class=\"image-group-side-3-img\"> <img  decoding=\"async\" class=\"topimg shadow-large\" src=\"http:\/\/sacio.pl\/wp-content\/uploads\/2025\/10\/cropped-Rozdzielnie.png\" title=\"cropped-Rozdzielnie.png\" alt=\"\"> <img  decoding=\"async\" class=\"rightimg shadow-large\" src=\"http:\/\/sacio.pl\/wp-content\/uploads\/2025\/10\/cropped-SzafaSerwerowa.png\" title=\"cropped-SzafaSerwerowa.png\" alt=\"\"> <div  class=\"leftimg\"> <img  decoding=\"async\" class=\"shadow-large\" src=\"http:\/\/sacio.pl\/wp-content\/uploads\/2025\/10\/cropped-Spawarka.jpg\" title=\"image\" alt=\"\"><\/div> <\/div><\/div> <\/div><\/div> <\/div><div  id=\"features-1\" style=\"background-color: #ffffff;\" data-label=\"Features\" data-id=\"features-16-card-bordered-mc\" data-export-id=\"features-16-card-bordered-mc\" data-bullets-visibility=\"true\" data-category=\"features\" class=\"features-16-card-bordered-mc content-section content-section-spacing\"><div  class=\"gridContainer\"> <div  class=\"row text-center\"><div  class=\"section-title-col\" data-type=\"column\"> <h5  class=\"\">Nasza oferta<\/h5> <h2  class=\"\">Jeste\u015bmy kreatywni i elastyczni!<\/h2> <p  class=\"lead\">Dobieramy rozwi\u0105zania szyte na miar\u0119. Indywidualne podej\u015bcie do ka\u017cdego klienta to podstawa w celu zapewnienia innowacyjnych rozwi\u0105za\u0144 oraz satysfakcji inwestora.<\/p><\/div> <\/div> <div  class=\"row spaced-cols\" data-type=\"row\"> <div  class=\"col-xs-12 col-sm-6 col-md-4\"> <div  class=\"card no-padding bordered y-move\"> <img  decoding=\"async\" class=\"face\" src=\"https:\/\/sacio.pl\/wp-content\/themes\/highlight\/customizer\/sections\/images\/agreement-2548139_1920.jpg\"> <div  data-type=\"column\" class=\"col-padding-small col-padding-small-xs description-container\"> <h4  class=\"font-500\">IT<\/h4> <p  class=\"\">test<\/p><\/div> <div  data-type=\"column\" class=\"col-padding-small col-padding-small-xs read-more-container\"><a  class=\"read-more\">learn more<\/a><\/div> <\/div><\/div> <div  class=\"col-xs-12 col-sm-6 col-md-4\"><div  class=\"card no-padding bordered y-move\"> <img  decoding=\"async\" class=\"face\" src=\"https:\/\/sacio.pl\/wp-content\/themes\/highlight\/customizer\/sections\/images\/pencils-452238_1920.jpg\"> <div  data-type=\"column\" class=\"col-padding-small col-padding-small-xs description-container\"> <h4  class=\"font-500\">Pomiary i certyfikacje<\/h4> <p  class=\"\">test<\/p><\/div> <div  data-type=\"column\" class=\"col-padding-small col-padding-small-xs read-more-container\"><a  class=\"read-more\">learn more<\/a><\/div> <\/div><\/div> <div  class=\"col-xs-12 col-sm-6 col-md-4\"><div  class=\"card no-padding bordered y-move\"> <img  decoding=\"async\" class=\"face\" src=\"https:\/\/sacio.pl\/wp-content\/themes\/highlight\/customizer\/sections\/images\/cropped-startup-849804_1920.jpg\"> <div  data-type=\"column\" class=\"col-padding-small col-padding-small-xs description-container\"> <h4  class=\"font-500\">Elektryka<\/h4> <p  class=\"\">test<\/p><\/div> <div  data-type=\"column\" class=\"col-padding-small col-padding-small-xs read-more-container\"><a  class=\"read-more\">learn more<\/a><\/div> <\/div><\/div> <\/div><\/div> <\/div><div  id=\"content-1\" style=\"background-color: #f5fafd;\" data-label=\"Content\" data-id=\"content-7-mc\" data-export-id=\"content-7-mc\" data-category=\"content\" class=\"content-7-mc content-section content-section-spacing\"><div  class=\"gridContainer\"> <div  class=\"row middle-sm\"><div  class=\"col-sm-6 space-bottom-xs\" data-type=\"column\"> <h2  class=\"\">Tworzenie witryn, grafiki, tekst\u00f3w i wiele wi\u0119cej.<\/h2> <p  class=\"\">Korzystaj\u0105c z nowoczesnych rozwi\u0105za\u0144 mo\u017cemy szybko przygotowa\u0107 projekt Twojej strony internetowej, loga oraz wirtualnej wizyt\u00f3wki Twojej firmy<\/p> <a  class=\"button color1\" href=\"#\" target=\"_self\" data-cp-link=\"1\">Dowiedz si\u0119 wi\u0119cej<\/a><\/div> <div  class=\"col-sm-6\" data-type=\"column\"> <img  decoding=\"async\" class=\"shadow-large\" src=\"https:\/\/sacio.pl\/wp-content\/themes\/highlight\/customizer\/sections\/images\/cropped-hero-3.jpg\"><\/div> <\/div><\/div> <\/div><div  id=\"content-2\" style=\"background-color: #ffffff;\" data-label=\"Content\" data-id=\"content-8-mc\" data-export-id=\"content-8-mc\" data-category=\"content\" class=\"content-8-mc content-section content-section-spacing\"><div  class=\"gridContainer\"> <div  class=\"row middle-sm\"><div  class=\"col-sm-6 space-bottom-xs space-top-xs\" data-type=\"column\"> <img  decoding=\"async\" class=\"shadow-large\" src=\"https:\/\/sacio.pl\/wp-content\/themes\/highlight\/customizer\/sections\/images\/business-3560916_1920.jpg\"><\/div> <div  class=\"col-sm-6\" data-type=\"column\"><h2  class=\"\">Inteligencja w Twoim domu<\/h2> <p  class=\"\">Dzieki nowoczesnym rozwi\u0105zaniom sterowanie oraz monitorowanie urz\u0105dze\u0144 w Twoim domu to b\u0119dzie prawdziwa przyjemno\u015b\u0107, nawet gdy jeste\u015b w pracy lub delegacji.<\/p> <a  class=\"button color1\" href=\"#\" target=\"_self\" data-cp-link=\"1\">Dowiedz si\u0119 wi\u0119cej<\/a><\/div> <\/div><\/div> <\/div><div  id=\"portfolio-1\" data-label=\"Portfolio\" data-id=\"portfolio-5-mc\" data-export-id=\"portfolio-5-mc\" data-bullets-visibility=\"true\" data-category=\"portfolio\" class=\"portfolio-5-mc content-section content-section-spacing section-title-col-white-text bg-color1\"><div  class=\"gridContainer\"> <div  class=\"row text-center\"><div  class=\"section-title-col\" data-type=\"column\"> <h5  class=\"\">Nasza praca<\/h5> <h2  class=\"\">Portfolio<\/h2> <p  class=\"lead\">Zobacz, czym zajmujemy si\u0119 na codzie\u0144.<\/p><\/div> <\/div> <div  class=\"row space-bottom spaced-cols\" data-type=\"row\"> <div  class=\"col-xs-12 col-sm-4 text-center\"> <div  class=\"card no-padding bordered\"> <div  data-hover-fx=\"portfolio-6\" class=\"contentswap-effect contentswap-overlay\" style=\"float: none; margin: 0; width: 100%;\"> <div  class=\"initial-image\" style=\"float: none; margin: 0;\"> <img  decoding=\"async\" data-size=\"500x333\" src=\"https:\/\/sacio.pl\/wp-content\/themes\/highlight\/customizer\/sections\/images\/cropped-pf-1.jpg\"><\/div> <div  class=\"overlay bg-color6\" style=\"display: block; transition: opacity 800ms ease 0s; -webkit-transition-timing-function: ease; -moz-transition-timing-function: ease; -o-transition-timing-function: ease; transition-timing-function: ease;\"><\/div> <div  class=\"swap-inner col-xs-12\" style=\"display: block; transition: all 800ms ease 0s; background-color: rgba(0,0,0,0); margin-top: 0;\"> <div  class=\"row full-height-row middle-xs middle-sm\"> <div  class=\"col-xs-12 text-center content-holder\"> <a  class=\"button small color2\" href=\"#\">View case study<\/a><\/div> <\/div><\/div> <\/div> <div  class=\"col-xs-12\"> <div  class=\"space-bottom space-top\" data-type=\"column\"> <h5  class=\"\">Project Name<\/h5> <p  class=\"small italic\">Lorem ipsum dolor sit amet, consectetur adipiscing elit, sed do eiusmod tempor incididunt ut labore<\/p><\/div> <\/div><\/div> <\/div> <div  class=\"col-xs-12 col-sm-4 text-center\"> <div  class=\"card no-padding bordered\"> <div  data-hover-fx=\"portfolio-6\" class=\"contentswap-effect contentswap-overlay\" style=\"float: none; margin: 0; width: 100%;\"> <div  class=\"initial-image\" style=\"float: none; margin: 0;\"> <img  decoding=\"async\" data-size=\"500x333\" src=\"https:\/\/sacio.pl\/wp-content\/themes\/highlight\/customizer\/sections\/images\/cropped-pf-3.jpg\"><\/div> <div  class=\"overlay bg-color6\" style=\"display: block; transition: opacity 800ms ease 0s; -webkit-transition-timing-function: ease; -moz-transition-timing-function: ease; -o-transition-timing-function: ease; transition-timing-function: ease;\"><\/div> <div  class=\"swap-inner col-xs-12\" style=\"display: block; transition: all 800ms ease 0s; background-color: rgba(0,0,0,0); margin-top: 0;\"> <div  class=\"row full-height-row middle-xs middle-sm\"> <div  class=\"col-xs-12 text-center content-holder\"> <a  class=\"button small color2\" href=\"#\">View case study<\/a><\/div> <\/div><\/div> <\/div> <div  class=\"col-xs-12\"> <div  class=\"space-bottom space-top\" data-type=\"column\"> <h5  class=\"\">Project Name<\/h5> <p  class=\"small italic\">Lorem ipsum dolor sit amet, consectetur adipiscing elit, sed do eiusmod tempor incididunt ut labore<\/p><\/div> <\/div><\/div> <\/div> <div  class=\"col-xs-12 col-sm-4 text-center\"> <div  class=\"card no-padding bordered\"> <div  data-hover-fx=\"portfolio-6\" class=\"contentswap-effect contentswap-overlay\" style=\"float: none; margin: 0; width: 100%;\"> <div  class=\"initial-image\" style=\"float: none; margin: 0;\"> <img  decoding=\"async\" data-size=\"500x333\" src=\"https:\/\/sacio.pl\/wp-content\/themes\/highlight\/customizer\/sections\/images\/cropped-pf-2.jpg\"><\/div> <div  class=\"overlay bg-color6\" style=\"display: block; transition: opacity 800ms ease 0s; -webkit-transition-timing-function: ease; -moz-transition-timing-function: ease; -o-transition-timing-function: ease; transition-timing-function: ease;\"><\/div> <div  class=\"swap-inner col-xs-12\" style=\"display: block; transition: all 800ms ease 0s; background-color: rgba(0,0,0,0); margin-top: 0;\"> <div  class=\"row full-height-row middle-xs middle-sm\"> <div  class=\"col-xs-12 text-center content-holder\"> <a  class=\"button small color2\" href=\"#\">View case study<\/a><\/div> <\/div><\/div> <\/div> <div  class=\"col-xs-12\"> <div  class=\"space-bottom space-top\" data-type=\"column\"> <h5  class=\"\">Project Name<\/h5> <p  class=\"small italic\">Lorem ipsum dolor sit amet, consectetur adipiscing elit, sed do eiusmod tempor incididunt ut labore<\/p><\/div> <\/div><\/div> <\/div><\/div> <div  class=\"row\"><div  data-type=\"column\" class=\"col-xs-12 text-center\"> <a  class=\"button color2 y-move\" href=\"#\">View Portfolio<\/a><\/div> <\/div><\/div> <\/div><div data-label=\"About\" data-id=\"about--1\" data-export-id=\"about-1\" data-category=\"about\" class=\"about-1 content-section\" id=\"about-1\"  style=\"background-color: rgb(245, 250, 253);\"><div class=\"gridContainer\" > <div class=\"row text-center\" ><div class=\"section-title-col\" data-type=\"column\" > <h5 class=\"\" >Potrzebujesz co\u015b kupi\u0107?<\/h5> <h2 class=\"\" >Prowadzimy sprzeda\u017c hurtow\u0105 i detaliczn\u0105<\/h2> <p class=\"lead\" >W naszym sklepie dostaniesz wszystko, czego potrzebujesz. Prowadzimy sprzeda\u017c zar\u00f3wno dla firm, jak i klient\u00f3w ko\u0144cowych. U nas zakupisz sprz\u0119t komuterowy nowy i poleasingowy.&nbsp;<\/p><\/div> <\/div> <div class=\"row\" > <div class=\"button-holder space-bottom space-bottom-small\" data-type=\"column\" > <a class=\"button color1\" href=\"#\"  target=\"_self\" data-cp-link=\"1\">Napisz czego potzrebujesz<\/a><\/div> <div class=\"col-xs bottom-xs flexbox image-group-bottom-3-img space-bottom-xs center-xs\" > <img decoding=\"async\" class=\"left-img shadow-large-black\" data-size=\"500x300\" src=\"https:\/\/sacio.pl\/wp-content\/plugins\/mesmerize-companion\/theme-data\/mesmerize\/sections\/images\/computer-2569652.jpg\" > <img decoding=\"async\" class=\"center-img shadow-large-black\" data-size=\"500x300\" src=\"https:\/\/sacio.pl\/wp-content\/plugins\/mesmerize-companion\/theme-data\/mesmerize\/sections\/images\/apple-1838564.jpg\" > <img decoding=\"async\" class=\"right-img shadow-large-black\" data-size=\"500x300\" src=\"https:\/\/sacio.pl\/wp-content\/plugins\/mesmerize-companion\/theme-data\/mesmerize\/sections\/images\/laptop-2559795.jpg\" ><\/div> <\/div><\/div> <\/div><div  id=\"testimonials-1\" style=\"background-color: #ffffff;\" data-label=\"Testimonials\" data-id=\"testimonials-5-mc\" data-export-id=\"testimonials-5-mc\" data-category=\"testimonials\" class=\"testimonials-5-mc content-section content-section-spacing\"><div  class=\"gridContainer\"> <div  class=\"row\"><div  data-type=\"column\" class=\"section-title-col\"> <h5  class=\"\">co my\u015bl\u0105 o nas inni?<\/h5> <h2  class=\"\">Opinie klient\u00f3w<\/h2> <p  class=\"lead\">Daj nam zna\u0107 co o nas s\u0105dzisz&#8230;<\/p><\/div> <\/div> <div  class=\"row spaced-cols content-center-sm\" data-type=\"row\"> <div  class=\"col-sm-4\"> <div  class=\"card y-move bordered\" data-type=\"column\"> <i  class=\"fa fa-quote-right icon color1 small quotation-icon\"><\/i> <p  class=\"text-center\">Do you sometimes have the feeling that you\u2019re running into the same obstacles over and over again? Many of my conflicts have the same feel to them, like \u201cHey, I think I\u2019ve been here before,<\/p> <img  decoding=\"async\" src=\"https:\/\/sacio.pl\/wp-content\/themes\/highlight\/customizer\/sections\/images\/team-1.jpg\" class=\"round icon\"> <h6  class=\"\">John Doe<\/h6> <p  class=\"small italic\">Company name<\/p><\/div> <\/div> <div  class=\"col-sm-4\"> <div  class=\"card y-move bordered\" data-type=\"column\"> <i  class=\"fa fa-quote-right icon color1 small quotation-icon\"><\/i> <p  class=\"text-center\">Do you sometimes have the feeling that you\u2019re running into the same obstacles over and over again? Many of my conflicts have the same feel to them, like \u201cHey, I think I\u2019ve been here before,<\/p> <img  decoding=\"async\" src=\"https:\/\/sacio.pl\/wp-content\/themes\/highlight\/customizer\/sections\/images\/team-3.jpg\" class=\"round icon\"> <h6  class=\"\">John Doe<\/h6> <p  class=\"small italic\">Company name<\/p><\/div> <\/div> <div  class=\"col-sm-4\"> <div  class=\"card y-move bordered\" data-type=\"column\"> <i  class=\"fa fa-quote-right icon color1 small quotation-icon\"><\/i> <p  class=\"text-center\">Do you sometimes have the feeling that you\u2019re running into the same obstacles over and over again? Many of my conflicts have the same feel to them, like \u201cHey, I think I\u2019ve been here before,<\/p> <img  decoding=\"async\" src=\"https:\/\/sacio.pl\/wp-content\/themes\/highlight\/customizer\/sections\/images\/team-7.jpg\" class=\"round icon\"> <h6  class=\"\">John Doe<\/h6> <p  class=\"small italic\">Company name<\/p><\/div> <\/div><\/div> <\/div><\/div><div  id=\"cta-1\" style=\"background-color: #f5fafd;\" data-label=\"Cta\" data-id=\"cta-blue-section-mc\" data-export-id=\"cta-blue-section-mc\" data-category=\"cta\" class=\"cta-blue-section-mc content-section content-section-spacing le_cocktail white-text\"><div  class=\"gridContainer\"> <div  class=\"row middle-xs\"><div  class=\"col-sm-8 space-bottom-xs\" data-type=\"column\"> <h2  class=\"\">Wystarczy chwila, aby zosta\u0107 klientem<\/h2> <\/div> <div  class=\"col-sm-4 end-sm\" data-type=\"column\"> <a  class=\"button color2\" href=\"#\" target=\"_self\" data-cp-link=\"1\">Zadzwo\u0144 ju\u017c teraz<\/a><\/div> <\/div><\/div> <\/div><div  id=\"latest-news-1\" style=\"background-color: #f5fafd;\" data-label=\"Latest-news\" data-id=\"blog-section-mc\" data-export-id=\"blog-section-mc\" data-category=\"latest_news\" class=\"blog-section-mc blog-section-standard content-section content-section-spacing\"><div  class=\"gridContainer\"> <div  class=\"row\"><div  data-type=\"column\" class=\"section-title-col\"> <h5  class=\"\">Zobacz nasze aktualno\u015bci<\/h5> <h2  class=\"\">Czym zanjmowali\u015bmy si\u0119 ostatnio..?<\/h2> <p  class=\"lead\">Zobacz kr\u00f3tkie relacje z naszych poczyna\u0144&#8230;<\/p><\/div> <\/div> <div  class=\"row\"> <div  data-type=\"row\" data-dynamic-columns=\"handled\" data-content-shortcode=\"mesmerize_latest_news posts=&quot;3&quot;\">\t\t<div class=\"row center-sm content-left-sm\">\n\t\t\t\t\t<div id=\"post-420\" class=\"col-sm-6 col-md-4 space-bottom space-bottom-xs\">\n\t\t\t\t<div class=\"post-content card y-move bordered\">\n\t\t\t\t\t<div class=\"post-thumbnail\">\n   <a href=\"https:\/\/sacio.pl\/?p=420\" class=\"post-list-item-thumb \">\n      <img loading=\"lazy\" decoding=\"async\" width=\"1024\" height=\"768\" src=\"https:\/\/sacio.pl\/wp-content\/uploads\/2019\/11\/MPI540.jpg\" class=\"attachment-post-thumbnail size-post-thumbnail wp-post-image\" alt=\"\" srcset=\"https:\/\/sacio.pl\/wp-content\/uploads\/2019\/11\/MPI540.jpg 1600w, https:\/\/sacio.pl\/wp-content\/uploads\/2019\/11\/MPI540-300x225.jpg 300w, https:\/\/sacio.pl\/wp-content\/uploads\/2019\/11\/MPI540-768x576.jpg 768w, https:\/\/sacio.pl\/wp-content\/uploads\/2019\/11\/MPI540-1024x768.jpg 1024w\" sizes=\"auto, (max-width: 1024px) 100vw, 1024px\" \/>   <\/a>\n<\/div>\n\t\t\t\t\t<div class=\"col-padding col-padding-xs\">\n\t\t\t\t\t\t<h3 class=\"post-title space-bottom-small\">\n\t\t\t\t\t\t\t<a href=\"https:\/\/sacio.pl\/?p=420\" rel=\"bookmark\">\n\t\t\t\t\t\t\t\tNowy miernik MPI-540\t\t\t\t\t\t\t<\/a>\n\t\t\t\t\t\t<\/h3>\n\t\t\t\t\t\t<p>Nasz nowy nabytek do wszelakich pomiar\u00f3w elektrycznych i o\u015bwietlenia<\/p>\n\t\t\t\t\t\t<a class=\"read-more link\" href=\"https:\/\/sacio.pl\/?p=420\">\n\t\t\t\t\t\t\tRead more\t\t\t\t\t\t<\/a>\n\t\t\t\t\t<\/div>\n\t\t\t\t<\/div>\n\t\t\t<\/div>\n\t\t\t\t\t\t<div id=\"post-455\" class=\"col-sm-6 col-md-4 space-bottom space-bottom-xs\">\n\t\t\t\t<div class=\"post-content card y-move bordered\">\n\t\t\t\t\t<div class=\"post-thumbnail\">\n   <a href=\"https:\/\/sacio.pl\/?p=455\" class=\"post-list-item-thumb \">\n      <img loading=\"lazy\" decoding=\"async\" width=\"1024\" height=\"768\" src=\"https:\/\/sacio.pl\/wp-content\/uploads\/2020\/03\/Kaplica-SECiM-1.jpg\" class=\"attachment-post-thumbnail size-post-thumbnail wp-post-image\" alt=\"\" srcset=\"https:\/\/sacio.pl\/wp-content\/uploads\/2020\/03\/Kaplica-SECiM-1.jpg 1600w, https:\/\/sacio.pl\/wp-content\/uploads\/2020\/03\/Kaplica-SECiM-1-300x225.jpg 300w, https:\/\/sacio.pl\/wp-content\/uploads\/2020\/03\/Kaplica-SECiM-1-1024x768.jpg 1024w, https:\/\/sacio.pl\/wp-content\/uploads\/2020\/03\/Kaplica-SECiM-1-768x576.jpg 768w, https:\/\/sacio.pl\/wp-content\/uploads\/2020\/03\/Kaplica-SECiM-1-1536x1152.jpg 1536w\" sizes=\"auto, (max-width: 1024px) 100vw, 1024px\" \/>   <\/a>\n<\/div>\n\t\t\t\t\t<div class=\"col-padding col-padding-xs\">\n\t\t\t\t\t\t<h3 class=\"post-title space-bottom-small\">\n\t\t\t\t\t\t\t<a href=\"https:\/\/sacio.pl\/?p=455\" rel=\"bookmark\">\n\t\t\t\t\t\t\t\tTransmisje online\t\t\t\t\t\t\t<\/a>\n\t\t\t\t\t\t<\/h3>\n\t\t\t\t\t\t<p>Transmisja na \u017cywo<\/p>\n\t\t\t\t\t\t<a class=\"read-more link\" href=\"https:\/\/sacio.pl\/?p=455\">\n\t\t\t\t\t\t\tRead more\t\t\t\t\t\t<\/a>\n\t\t\t\t\t<\/div>\n\t\t\t\t<\/div>\n\t\t\t<\/div>\n\t\t\t\t\t\t<div id=\"post-438\" class=\"col-sm-6 col-md-4 space-bottom space-bottom-xs\">\n\t\t\t\t<div class=\"post-content card y-move bordered\">\n\t\t\t\t\t<div class=\"post-thumbnail\">\n   <a href=\"https:\/\/sacio.pl\/?p=438\" class=\"post-list-item-thumb \">\n      <img loading=\"lazy\" decoding=\"async\" width=\"1024\" height=\"1365\" src=\"https:\/\/sacio.pl\/wp-content\/uploads\/2019\/11\/Pomiary.jpg\" class=\"attachment-post-thumbnail size-post-thumbnail wp-post-image\" alt=\"\" srcset=\"https:\/\/sacio.pl\/wp-content\/uploads\/2019\/11\/Pomiary.jpg 1200w, https:\/\/sacio.pl\/wp-content\/uploads\/2019\/11\/Pomiary-225x300.jpg 225w, https:\/\/sacio.pl\/wp-content\/uploads\/2019\/11\/Pomiary-768x1024.jpg 768w\" sizes=\"auto, (max-width: 1024px) 100vw, 1024px\" \/>   <\/a>\n<\/div>\n\t\t\t\t\t<div class=\"col-padding col-padding-xs\">\n\t\t\t\t\t\t<h3 class=\"post-title space-bottom-small\">\n\t\t\t\t\t\t\t<a href=\"https:\/\/sacio.pl\/?p=438\" rel=\"bookmark\">\n\t\t\t\t\t\t\t\tPomiary sieci\t\t\t\t\t\t\t<\/a>\n\t\t\t\t\t\t<\/h3>\n\t\t\t\t\t\t<p>A dzi\u015b taka niespodzianka&#8230; Ciekawe co klient robi\u0142 z t\u0105 skr\u0119tk\u0105.. \ud83d\ude1b<\/p>\n\t\t\t\t\t\t<a class=\"read-more link\" href=\"https:\/\/sacio.pl\/?p=438\">\n\t\t\t\t\t\t\tRead more\t\t\t\t\t\t<\/a>\n\t\t\t\t\t<\/div>\n\t\t\t\t<\/div>\n\t\t\t<\/div>\n\t\t\t\t<\/div>\n\t<\/div><\/div> <div  class=\"row\"><div  class=\"text-center\"> <a  class=\"button color1\" data-attr-shortcode=\"href:mesmerize_blog_link\" href=\"https:\/\/sacio.pl\/?page_id=581\">VIEW OUR BLOG<\/a><\/div> <\/div><\/div><\/div><div  id=\"contact-1\" style=\"background-color: #ffffff;\" data-label=\"Contact\" data-id=\"contact-1-mc\" data-export-id=\"contact-1-mc\" data-bullets-visibility=\"true\" data-category=\"contact\" class=\"contact-1-mc content-section content-section-spacing white-text\" data-parallax-depth=\"20\"><div  class=\"gridContainer\"> <div  class=\"row text-center\"><div  class=\"section-title-col\" data-type=\"column\"> <h5  class=\"\">CONNECT WITH US<\/h5> <h2  class=\"\">Contact us<\/h2> <p  class=\"lead\">With the Internet spreading linke wildfire and reaching every part of our daily life, more and more traffic is directed to websites in search for information.<\/p><\/div> <\/div> <div  class=\"row text-center\"> <div  class=\"col-xs-12 col-sm-8 col-sm-offset-2 contact-form-wrapper inline-info\"> <div  class=\"card large-padding\"> <div  class=\"\" data-content-shortcode=\"mesmerize_contact_form\" data-editable=\"true\"><p style=\"text-align:center;color:#ababab\">Contact form will be displayed here. To activate it you have to set the \"contact form shortcode\" parameter in Customizer.<\/p><\/div><\/div> <\/div><\/div> <\/div><\/div>","protected":false},"excerpt":{"rendered":"<p>Informatyka \u015awiadczymy us\u0142ugi informatyczne o szerokim zakresie. Tworzymy systemy pomiarowe, monitoruj\u0105ce i wspomagaj\u0105ce zarz\u0105dzanie liniami produkcyjnymi. Projektujemy zaawansowane systemy informatyczne, zajmujemy si\u0119 dostaw\u0105 sprz\u0119tu komputerowego, oraz instalacj\u0105, optymalizacja i serwisem wszystkich rozwi\u0105za\u0144 informatycznych. Instalacje Jeste\u015bmy certyfikowanymi instalatorami okablowania strukturalnego Assmann Digitus, MOLEX i AMP.Ponadto wykonujemy:\u2013 po\u0142\u0105czenia \u015bwiat\u0142owodowe,\u2013 instalacje teleinformatyczne,\u2013 pod\u0142\u0105czenia urz\u0105dze\u0144 pomiarowych,\u2013 instalacje elektryczne,\u2013 pomiary&hellip; <br \/> <a class=\"read-more\" href=\"https:\/\/sacio.pl\/?p=438\">Dowiedz si\u0119 wi\u0119cej<\/a><\/p>\n","protected":false},"author":1,"featured_media":0,"parent":0,"menu_order":0,"comment_status":"closed","ping_status":"closed","template":"page-templates\/homepage.php","meta":{"footnotes":""},"class_list":["post-580","page","type-page","status-publish","hentry"],"_links":{"self":[{"href":"https:\/\/sacio.pl\/index.php?rest_route=\/wp\/v2\/pages\/580","targetHints":{"allow":["GET"]}}],"collection":[{"href":"https:\/\/sacio.pl\/index.php?rest_route=\/wp\/v2\/pages"}],"about":[{"href":"https:\/\/sacio.pl\/index.php?rest_route=\/wp\/v2\/types\/page"}],"author":[{"embeddable":true,"href":"https:\/\/sacio.pl\/index.php?rest_route=\/wp\/v2\/users\/1"}],"replies":[{"embeddable":true,"href":"https:\/\/sacio.pl\/index.php?rest_route=%2Fwp%2Fv2%2Fcomments&post=580"}],"version-history":[{"count":7,"href":"https:\/\/sacio.pl\/index.php?rest_route=\/wp\/v2\/pages\/580\/revisions"}],"predecessor-version":[{"id":605,"href":"https:\/\/sacio.pl\/index.php?rest_route=\/wp\/v2\/pages\/580\/revisions\/605"}],"wp:attachment":[{"href":"https:\/\/sacio.pl\/index.php?rest_route=%2Fwp%2Fv2%2Fmedia&parent=580"}],"curies":[{"name":"wp","href":"https:\/\/api.w.org\/{rel}","templated":true}]}}